 {"id":18561,"date":"2022-01-14T12:23:00","date_gmt":"2022-01-14T12:23:00","guid":{"rendered":"https:\/\/anifleja.lt\/?page_id=18561"},"modified":"2024-02-11T22:43:54","modified_gmt":"2024-02-11T20:43:54","slug":"atsiliepimai","status":"publish","type":"page","link":"https:\/\/anifleja.lt\/ru\/atsiliepimai\/","title":{"rendered":"\u041e\u0442\u0437\u044b\u0432\u044b"},"content":{"rendered":"<div data-elementor-type=\"wp-page\" data-elementor-id=\"18561\" class=\"elementor elementor-18561\">\n\t\t\t\t\t\t<section class=\"elementor-section elementor-top-section elementor-element elementor-element-1385b817 elementor-section-content-middle elementor-reverse-mobile elementor-section-boxed elementor-section-height-default elementor-section-height-default sc_fly_static\" data-id=\"1385b817\" data-element_type=\"section\" data-settings=\"{&quot;background_background&quot;:&quot;classic&quot;}\">\n\t\t\t\t\t\t<div class=\"elementor-container elementor-column-gap-extended\">\n\t\t\t\t\t<div class=\"elementor-column elementor-col-100 elementor-top-column elementor-element elementor-element-4ae57a74 sc_inner_width_none sc_content_align_inherit sc_layouts_column_icons_position_left sc_fly_static\" data-id=\"4ae57a74\" data-element_type=\"column\">\n\t\t\t<div class=\"elementor-widget-wrap elementor-element-populated\">\n\t\t\t\t\t\t<div class=\"elementor-element elementor-element-af1d184 sc_height_huge sc_fly_static elementor-widget elementor-widget-spacer\" data-id=\"af1d184\" data-element_type=\"widget\" data-widget_type=\"spacer.default\">\n\t\t\t\t<div class=\"elementor-widget-container\">\n\t\t\t\t\t<div class=\"elementor-spacer\">\n\t\t\t<div class=\"elementor-spacer-inner\"><\/div>\n\t\t<\/div>\n\t\t\t\t<\/div>\n\t\t\t\t<\/div>\n\t\t\t\t<div class=\"elementor-element elementor-element-356b971c sc_fly_static elementor-widget elementor-widget-trx_sc_testimonials\" data-id=\"356b971c\" data-element_type=\"widget\" data-widget_type=\"trx_sc_testimonials.default\">\n\t\t\t\t<div class=\"elementor-widget-container\">\n\t\t\t<div \t\tclass=\"sc_testimonials sc_testimonials_accent2\"><div class=\"sc_testimonials_columns_wrap sc_item_columns trx_addons_columns_wrap columns_padding_bottom\"><div class=\"trx_addons_column-1_2\"><div data-post-id=\"18261\" class=\"sc_testimonials_item sc_item_container post_container\">\n\t<div class=\"sc_testimonials_item_content\">\n<p>\u0420\u0430\u0431\u043e\u0442\u0430 \u0441 MB Patikima buhalter\u0117 \u0438\u0437\u043c\u0435\u043d\u0438\u043b\u0430 \u043c\u043e\u0439 \u0431\u0438\u0437\u043d\u0435\u0441. \u0414\u043b\u044f \u043c\u0435\u043d\u044f, \u043a\u0430\u043a \u0432\u043b\u0430\u0434\u0435\u043b\u044c\u0446\u0430 \u043c\u0430\u043b\u043e\u0433\u043e \u0431\u0438\u0437\u043d\u0435\u0441\u0430, \u0431\u044b\u043b\u043e \u043e\u0447\u0435\u043d\u044c \u0432\u0430\u0436\u043d\u043e \u043d\u0430\u0439\u0442\u0438 \u043d\u0430\u0434\u0435\u0436\u043d\u043e\u0433\u043e \u0438 \u043e\u043f\u044b\u0442\u043d\u043e\u0433\u043e \u0431\u0443\u0445\u0433\u0430\u043b\u0442\u0435\u0440\u0430, \u0438 \u0441 \u044d\u0442\u043e\u0439 \u043a\u043e\u043c\u0430\u043d\u0434\u043e\u0439 \u044f \u043f\u043e\u043f\u0430\u043b \u0432 \u0442\u043e\u0447\u043a\u0443. \u0418\u0445 \u043f\u0440\u043e\u0444\u0435\u0441\u0441\u0438\u043e\u043d\u0430\u043b\u0438\u0437\u043c \u0438 \u043a\u043e\u043c\u043f\u0435\u0442\u0435\u043d\u0442\u043d\u043e\u0441\u0442\u044c \u043d\u0435 \u0438\u043c\u0435\u044e\u0442 \u0441\u0435\u0431\u0435 \u0440\u0430\u0432\u043d\u044b\u0445.<\/p>\n<\/div>\n\t<div class=\"sc_testimonials_item_author\">\n\t\t\t\t\t<div class=\"sc_testimonials_item_author_avatar\"><img decoding=\"async\" width=\"120\" height=\"120\" src=\"https:\/\/anifleja.lt\/wp-content\/uploads\/2022\/01\/logo-port-agro-120x120.png\" class=\"attachment-tax-help-thumb-tiny size-tax-help-thumb-tiny wp-post-image\" alt=\"Dovydas \u0160akinis\" srcset=\"https:\/\/anifleja.lt\/wp-content\/uploads\/2022\/01\/logo-port-agro-120x120.png 120w, https:\/\/anifleja.lt\/wp-content\/uploads\/2022\/01\/logo-port-agro-150x150.png 150w, https:\/\/anifleja.lt\/wp-content\/uploads\/2022\/01\/logo-port-agro-370x370.png 370w, https:\/\/anifleja.lt\/wp-content\/uploads\/2022\/01\/elementor\/thumbs\/logo-port-agro-qgznshysdeeeyv5897uwe3sgp7sp6j0jivk8k7mh40.png 80w\" sizes=\"(max-width: 120px) 100vw, 120px\" \/><\/div>\n\t\t\t\t<div class=\"sc_testimonials_item_author_data\">\n\t\t\t<h4 class=\"sc_testimonials_item_author_title\">Dovydas \u0160akinis<\/h4>\n\t\t\t<div class=\"sc_testimonials_item_author_subtitle\">\u0414\u0438\u0440\u0435\u043a\u0442\u043e\u0440 \u0417\u0410\u041e \"\u041f\u043e\u0440\u0442\u0430\u0433\u0440\u043e<\/div>\t\t<\/div>\n\t<\/div>\n<\/div>\n<\/div><div class=\"trx_addons_column-1_2\"><div data-post-id=\"22384\" class=\"sc_testimonials_item sc_item_container post_container\">\n\t<div class=\"sc_testimonials_item_content\">\n<p>\u042f \u043e\u0447\u0435\u043d\u044c \u0434\u043e\u0432\u043e\u043b\u044c\u043d\u0430 \u0441\u043e\u0442\u0440\u0443\u0434\u043d\u0438\u0447\u0435\u0441\u0442\u0432\u043e\u043c \u0441 \u043a\u043e\u043c\u043f\u0430\u043d\u0438\u0435\u0439 Patikima buhalter\u0117 MB. \u0418\u0445 \u0431\u0443\u0445\u0433\u0430\u043b\u0442\u0435\u0440\u044b \u043d\u0435 \u0442\u043e\u043b\u044c\u043a\u043e \u043f\u0440\u043e\u0444\u0435\u0441\u0441\u0438\u043e\u043d\u0430\u043b\u044c\u043d\u044b, \u043d\u043e \u0438 \u043f\u043e\u0441\u0442\u043e\u044f\u043d\u043d\u043e \u043f\u0440\u0435\u0434\u043b\u0430\u0433\u0430\u044e\u0442 \u0438\u0441\u043a\u043b\u044e\u0447\u0438\u0442\u0435\u043b\u044c\u043d\u043e\u0435 \u043e\u0431\u0441\u043b\u0443\u0436\u0438\u0432\u0430\u043d\u0438\u0435 \u043a\u043b\u0438\u0435\u043d\u0442\u043e\u0432. \u041c\u043e\u0438 \u0444\u0438\u043d\u0430\u043d\u0441\u043e\u0432\u044b\u0435 \u043e\u043f\u0435\u0440\u0430\u0446\u0438\u0438 \u043f\u0440\u043e\u0445\u043e\u0434\u044f\u0442 \u0433\u043b\u0430\u0434\u043a\u043e, \u0430 \u0438\u0445 \u0443\u0441\u043b\u0443\u0433\u0438 \u0442\u043e\u0447\u043d\u044b \u0438 \u043a\u0430\u0447\u0435\u0441\u0442\u0432\u0435\u043d\u043d\u044b. \u042f \u0440\u0435\u043a\u043e\u043c\u0435\u043d\u0434\u0443\u044e \u043a\u043e\u043c\u043f\u0430\u043d\u0438\u044e Patikima buhalter\u0117 MB \u0432\u0441\u0435\u043c, \u043a\u0442\u043e \u0438\u0449\u0435\u0442 \u043d\u0430\u0434\u0435\u0436\u043d\u043e\u0433\u043e \u043f\u0430\u0440\u0442\u043d\u0435\u0440\u0430 \u0432 \u043e\u0431\u043b\u0430\u0441\u0442\u0438 \u0431\u0443\u0445\u0433\u0430\u043b\u0442\u0435\u0440\u0441\u043a\u043e\u0433\u043e \u0443\u0447\u0435\u0442\u0430.<\/p>\n<\/div>\n\t<div class=\"sc_testimonials_item_author\">\n\t\t\t\t<div class=\"sc_testimonials_item_author_data\">\n\t\t\t<h4 class=\"sc_testimonials_item_author_title\">Ruslan Kruk<\/h4>\n\t\t\t<div class=\"sc_testimonials_item_author_subtitle\">\u041c\u0435\u043d\u0435\u0434\u0436\u0435\u0440 MB Avteka<\/div>\t\t<\/div>\n\t<\/div>\n<\/div>\n<\/div><div class=\"trx_addons_column-1_2\"><div data-post-id=\"22385\" class=\"sc_testimonials_item sc_item_container post_container\">\n\t<div class=\"sc_testimonials_item_content\">\n<p>\u0423\u0436\u0435 \u0442\u0440\u0435\u0442\u0438\u0439 \u0433\u043e\u0434 \u043c\u044b \u0440\u0430\u0431\u043e\u0442\u0430\u0435\u043c \u0441 \u041f\u0430\u0442\u0438\u043a\u0438\u043c\u0430 \u0411\u0443\u0445\u0430\u043b\u0442\u0435\u0440\u0435, \u0438 \u0432\u0441\u0435 \u0437\u0430\u043c\u0435\u0447\u0430\u0442\u0435\u043b\u044c\u043d\u043e! \u0414\u043e\u043a\u0443\u043c\u0435\u043d\u0442\u044b \u0432\u0441\u0435\u0433\u0434\u0430 \u043e\u0444\u043e\u0440\u043c\u043b\u044f\u044e\u0442\u0441\u044f \u0432\u043e\u0432\u0440\u0435\u043c\u044f \u0438 \u0442\u043e\u0447\u043d\u043e. \u0412\u0441\u0435 \u0432\u043e\u043f\u0440\u043e\u0441\u044b \u0440\u0435\u0448\u0430\u044e\u0442\u0441\u044f \u0441\u0440\u0430\u0437\u0443 \u0438 \u043e\u043f\u0435\u0440\u0430\u0442\u0438\u0432\u043d\u043e, \u043c\u0435\u043d\u0435\u0434\u0436\u0435\u0440 \u0410\u043d\u0430 \u0432\u0441\u0435\u0433\u0434\u0430 \u0441 \u0443\u043b\u044b\u0431\u043a\u043e\u0439 \u0438 \u043f\u0440\u0438\u044f\u0442\u043d\u0430\u044f, \u0432\u0441\u0435\u0433\u0434\u0430 \u0441\u043f\u0440\u0430\u0448\u0438\u0432\u0430\u0435\u0442, \u043a\u0430\u043a \u0438\u0434\u0443\u0442 \u0434\u0435\u043b\u0430, \u0438 \u0441\u043e\u0432\u0435\u0442\u0443\u0435\u0442, \u043a\u0430\u043a \u0432\u0435\u0441\u0442\u0438 \u0438\u043b\u0438 \u043f\u043e\u0434\u0430\u0432\u0430\u0442\u044c \u0434\u043e\u043a\u0443\u043c\u0435\u043d\u0442\u0430\u0446\u0438\u044e. \u0425\u043e\u0440\u043e\u0448\u0430\u044f \u043a\u043e\u043c\u0430\u043d\u0434\u0430, \u043f\u0440\u0438\u044f\u0442\u043d\u043e \u043e\u0431\u0449\u0430\u0442\u044c\u0441\u044f \u0438 \u0440\u0430\u0431\u043e\u0442\u0430\u0442\u044c \u0432\u043c\u0435\u0441\u0442\u0435<\/p>\n<\/div>\n\t<div class=\"sc_testimonials_item_author\">\n\t\t\t\t<div class=\"sc_testimonials_item_author_data\">\n\t\t\t<h4 class=\"sc_testimonials_item_author_title\">Nerijus Jurgaitis<\/h4>\n\t\t\t<div class=\"sc_testimonials_item_author_subtitle\">MB \u0420\u043e\u0433\u0430 \u0438 \u043a\u043e\u043f\u044b\u0442\u0430 \u0420\u0443\u043a\u043e\u0432\u043e\u0434\u0441\u0442\u0432\u043e<\/div>\t\t<\/div>\n\t<\/div>\n<\/div>\n<\/div><div class=\"trx_addons_column-1_2\"><div data-post-id=\"22401\" class=\"sc_testimonials_item sc_item_container post_container\">\n\t<div class=\"sc_testimonials_item_content\">\n<p>\u0414\u043b\u044f \u043d\u0430\u0441 \"\u041d\u0430\u0434\u0435\u0436\u043d\u044b\u0439 \u0431\u0443\u0445\u0433\u0430\u043b\u0442\u0435\u0440 \u041c\u0411\" - \u0438\u0434\u0435\u0430\u043b\u044c\u043d\u044b\u0439 \u0432\u044b\u0431\u043e\u0440. \u041c\u044b \u043d\u0430\u0448\u043b\u0438 \u043d\u0430\u0434\u0435\u0436\u043d\u0443\u044e \u043f\u0440\u043e\u0444\u0435\u0441\u0441\u0438\u043e\u043d\u0430\u043b\u044c\u043d\u0443\u044e \u0431\u0443\u0445\u0433\u0430\u043b\u0442\u0435\u0440\u0441\u043a\u0443\u044e \u0444\u0438\u0440\u043c\u0443.\u00a0<\/p>\n\n\n\n<p>\u041f\u0440\u0435\u0436\u0434\u0435 \u0432\u0441\u0435\u0433\u043e, \u0445\u043e\u0442\u0435\u043b\u043e\u0441\u044c \u0431\u044b \u043e\u0442\u043c\u0435\u0442\u0438\u0442\u044c \u0438\u0445 \u043a\u043e\u043c\u043f\u0435\u0442\u0435\u043d\u0442\u043d\u044b\u0439 \u043f\u0435\u0440\u0441\u043e\u043d\u0430\u043b. \u0411\u0443\u0445\u0433\u0430\u043b\u0442\u0435\u0440\u044b \u044d\u0442\u043e\u0439 \u043a\u043e\u043c\u043f\u0430\u043d\u0438\u0438 \u043d\u0435 \u0442\u043e\u043b\u044c\u043a\u043e \u0445\u043e\u0440\u043e\u0448\u043e \u043e\u0431\u0440\u0430\u0437\u043e\u0432\u0430\u043d\u044b, \u043d\u043e \u0438 \u043e\u0431\u043b\u0430\u0434\u0430\u044e\u0442 \u0433\u043b\u0443\u0431\u043e\u043a\u0438\u043c\u0438 \u0437\u043d\u0430\u043d\u0438\u044f\u043c\u0438 \u0432 \u043e\u0431\u043b\u0430\u0441\u0442\u0438 \u0431\u0443\u0445\u0433\u0430\u043b\u0442\u0435\u0440\u0441\u043a\u043e\u0433\u043e \u0443\u0447\u0435\u0442\u0430. \u041e\u043d\u0438 \u0432\u0441\u0435\u0433\u0434\u0430 \u0433\u043e\u0442\u043e\u0432\u044b \u043e\u0442\u0432\u0435\u0442\u0438\u0442\u044c \u043d\u0430 \u0432\u043e\u043f\u0440\u043e\u0441\u044b \u0438 \u043f\u0440\u0435\u0434\u043b\u043e\u0436\u0438\u0442\u044c \u044d\u0444\u0444\u0435\u043a\u0442\u0438\u0432\u043d\u044b\u0435 \u0440\u0435\u0448\u0435\u043d\u0438\u044f.<\/p>\n<\/div>\n\t<div class=\"sc_testimonials_item_author\">\n\t\t\t\t<div class=\"sc_testimonials_item_author_data\">\n\t\t\t<h4 class=\"sc_testimonials_item_author_title\">Aleksandr<\/h4>\n\t\t\t<div class=\"sc_testimonials_item_author_subtitle\">\u0420\u0443\u043a\u043e\u0432\u043e\u0434\u0438\u0442\u0435\u043b\u044c \u0411\u041e \u0411\u0430\u043b\u0442\u0438\u0439\u0441\u043a\u0430\u044f \u0441\u043b\u0443\u0436\u0431\u0430 \u0431\u0435\u0437\u043e\u043f\u0430\u0441\u043d\u043e\u0441\u0442\u0438<\/div>\t\t<\/div>\n\t<\/div>\n<\/div>\n<\/div><\/div><\/div><!-- \/.sc_testimonials -->\t\t<\/div>\n\t\t\t\t<\/div>\n\t\t\t\t<div class=\"elementor-element elementor-element-5153e89f sc_height_huge sc_fly_static elementor-widget elementor-widget-spacer\" data-id=\"5153e89f\" data-element_type=\"widget\" data-widget_type=\"spacer.default\">\n\t\t\t\t<div class=\"elementor-widget-container\">\n\t\t\t\t\t<div class=\"elementor-spacer\">\n\t\t\t<div class=\"elementor-spacer-inner\"><\/div>\n\t\t<\/div>\n\t\t\t\t<\/div>\n\t\t\t\t<\/div>\n\t\t\t\t<div class=\"elementor-element elementor-element-f5e4506 sc_layouts_hide_on_tablet sc_layouts_hide_on_mobile sc_fly_static elementor-widget elementor-widget-spacer\" data-id=\"f5e4506\" data-element_type=\"widget\" data-widget_type=\"spacer.default\">\n\t\t\t\t<div class=\"elementor-widget-container\">\n\t\t\t\t\t<div class=\"elementor-spacer\">\n\t\t\t<div class=\"elementor-spacer-inner\"><\/div>\n\t\t<\/div>\n\t\t\t\t<\/div>\n\t\t\t\t<\/div>\n\t\t\t\t\t<\/div>\n\t\t<\/div>\n\t\t\t\t\t<\/div>\n\t\t<\/section>\n\t\t\t\t<section class=\"elementor-section elementor-top-section elementor-element elementor-element-d8191f0 elementor-section-content-middle scheme_dark elementor-section-boxed elementor-section-height-default elementor-section-height-default sc_fly_static\" data-id=\"d8191f0\" data-element_type=\"section\" data-settings=\"{&quot;background_background&quot;:&quot;classic&quot;}\">\n\t\t\t\t\t\t\t<div class=\"elementor-background-overlay\"><\/div>\n\t\t\t\t\t\t\t<div class=\"elementor-container elementor-column-gap-extended\">\n\t\t\t\t\t<div class=\"elementor-column elementor-col-50 elementor-top-column elementor-element elementor-element-089ece1 sc-mobile_content_align_inherit sc_inner_width_none sc_content_align_inherit sc_layouts_column_icons_position_left sc_fly_static\" data-id=\"089ece1\" data-element_type=\"column\">\n\t\t\t<div class=\"elementor-widget-wrap elementor-element-populated\">\n\t\t\t\t\t\t<div class=\"elementor-element elementor-element-ab504cf sc_fly_static elementor-widget elementor-widget-spacer\" data-id=\"ab504cf\" data-element_type=\"widget\" data-widget_type=\"spacer.default\">\n\t\t\t\t<div class=\"elementor-widget-container\">\n\t\t\t\t\t<div class=\"elementor-spacer\">\n\t\t\t<div class=\"elementor-spacer-inner\"><\/div>\n\t\t<\/div>\n\t\t\t\t<\/div>\n\t\t\t\t<\/div>\n\t\t\t\t<div class=\"elementor-element elementor-element-559a11e sc_fly_static elementor-widget elementor-widget-trx_sc_title\" data-id=\"559a11e\" data-element_type=\"widget\" data-widget_type=\"trx_sc_title.default\">\n\t\t\t\t<div class=\"elementor-widget-container\">\n\t\t\t<div\t\tclass=\"sc_title sc_title_default\" ><h2 class=\"sc_item_title sc_title_title sc_item_title_style_default\"\n\t\t\t><span class=\"sc_item_title_text\">\u0417\u0430\u0440\u0435\u0433\u0438\u0441\u0442\u0440\u0438\u0440\u0443\u0439\u0442\u0435\u0441\u044c \u0434\u043b\u044f \u043f\u043e\u043b\u0443\u0447\u0435\u043d\u0438\u044f \u0431\u0435\u0441\u043f\u043b\u0430\u0442\u043d\u043e\u0439 \u043a\u043e\u043d\u0441\u0443\u043b\u044c\u0442\u0430\u0446\u0438\u0438<\/span><\/h2><\/div>\t\t<\/div>\n\t\t\t\t<\/div>\n\t\t\t\t<div class=\"elementor-element elementor-element-0b078de sc_layouts_hide_on_mobile sc_fly_static elementor-widget elementor-widget-spacer\" data-id=\"0b078de\" data-element_type=\"widget\" data-widget_type=\"spacer.default\">\n\t\t\t\t<div class=\"elementor-widget-container\">\n\t\t\t\t\t<div class=\"elementor-spacer\">\n\t\t\t<div class=\"elementor-spacer-inner\"><\/div>\n\t\t<\/div>\n\t\t\t\t<\/div>\n\t\t\t\t<\/div>\n\t\t\t\t\t<\/div>\n\t\t<\/div>\n\t\t\t\t<div class=\"elementor-column elementor-col-50 elementor-top-column elementor-element elementor-element-e0a77d7 sc_layouts_column_align_right sc_layouts_column sc-mobile_layouts_column_align_left sc_layouts_column sc_inner_width_none sc_content_align_inherit sc_layouts_column_icons_position_left sc_fly_static\" data-id=\"e0a77d7\" data-element_type=\"column\">\n\t\t\t<div class=\"elementor-widget-wrap elementor-element-populated\">\n\t\t\t\t\t\t<div class=\"elementor-element elementor-element-a8cb948 sc_fly_static elementor-widget elementor-widget-spacer\" data-id=\"a8cb948\" data-element_type=\"widget\" data-widget_type=\"spacer.default\">\n\t\t\t\t<div class=\"elementor-widget-container\">\n\t\t\t\t\t<div class=\"elementor-spacer\">\n\t\t\t<div class=\"elementor-spacer-inner\"><\/div>\n\t\t<\/div>\n\t\t\t\t<\/div>\n\t\t\t\t<\/div>\n\t\t\t\t<div class=\"elementor-element elementor-element-ca89190 sc_fly_static elementor-widget elementor-widget-shortcode\" data-id=\"ca89190\" data-element_type=\"widget\" data-widget_type=\"shortcode.default\">\n\t\t\t\t<div class=\"elementor-widget-container\">\n\t\t\t\t\t<div class=\"elementor-shortcode\">\n<script>\n  if (typeof hasAmeliaEntitiesApiCall === 'undefined' && 'amelia-popup' === '') {\n    var hasAmeliaEntitiesApiCall = true;\n  }\n  var ameliaShortcodeData = (typeof ameliaShortcodeData === 'undefined') ? [] : ameliaShortcodeData;\n  ameliaShortcodeData.push(\n    {\n      'hasApiCall': (typeof hasAmeliaEntitiesApiCall !== 'undefined') && hasAmeliaEntitiesApiCall,\n      'trigger': 'amelia-popup',\n      'trigger_type': 'class',\n      'triggered_form': 'sbsNew',\n      'in_dialog': '1',\n      'show': '',\n      'counter': '1000',\n      'category': '',\n      'service': '',\n      'employee': '',\n      'location': '',\n      'package': ''\n    }\n  );\n\n  var ameliaShortcodeDataTriggered = (typeof ameliaShortcodeDataTriggered === 'undefined') ? [] : ameliaShortcodeDataTriggered;\n  if (ameliaShortcodeData[ameliaShortcodeData.length - 1].trigger !== '') {\n    if (ameliaShortcodeDataTriggered.filter(a => a.counter === ameliaShortcodeData[ameliaShortcodeData.length - 1].counter).length === 0) {\n      ameliaShortcodeDataTriggered.push(ameliaShortcodeData.pop());\n    } else {\n      ameliaShortcodeData.pop()\n    }\n  }\n  if (typeof hasAmeliaEntitiesApiCall !== 'undefined' && hasAmeliaEntitiesApiCall) {\n    hasAmeliaEntitiesApiCall = false;\n  }\n<\/script>\n\n<div\n  id=\"amelia-v2-booking-1000\"\n  class=\"amelia-v2-booking amelia-skip-load amelia-skip-load-1000\"\n >\n    <dialog-forms><\/dialog-forms><\/div>\n<\/div>\n\t\t\t\t<\/div>\n\t\t\t\t<\/div>\n\t\t\t\t<div class=\"elementor-element elementor-element-2b69be9 amelia-popup sc_fly_static elementor-widget elementor-widget-trx_sc_button\" data-id=\"2b69be9\" data-element_type=\"widget\" data-widget_type=\"trx_sc_button.default\">\n\t\t\t\t<div class=\"elementor-widget-container\">\n\t\t\t<div\tclass=\"sc_item_button sc_button_wrap\" ><a href=\"\" class=\"sc_button sc_button_bordered sc_button_size_normal sc_button_icon_left color_style_dark\" ><span class=\"sc_button_text\"><span class=\"sc_button_title\">\u0411\u0435\u0441\u043f\u043b\u0430\u0442\u043d\u0430\u044f \u043a\u043e\u043d\u0441\u0443\u043b\u044c\u0442\u0430\u0446\u0438\u044f<\/span><\/span><\/a><\/div>\t\t<\/div>\n\t\t\t\t<\/div>\n\t\t\t\t<div class=\"elementor-element elementor-element-6b18ed1 sc_fly_static elementor-widget elementor-widget-spacer\" data-id=\"6b18ed1\" data-element_type=\"widget\" data-widget_type=\"spacer.default\">\n\t\t\t\t<div class=\"elementor-widget-container\">\n\t\t\t\t\t<div class=\"elementor-spacer\">\n\t\t\t<div class=\"elementor-spacer-inner\"><\/div>\n\t\t<\/div>\n\t\t\t\t<\/div>\n\t\t\t\t<\/div>\n\t\t\t\t\t<\/div>\n\t\t<\/div>\n\t\t\t\t\t<\/div>\n\t\t<\/section>\n\t\t\t\t<section data-mouse-helper=\"hover\" data-mouse-helper-hide-helper=\"0\" data-mouse-helper-centered=\"1\" data-mouse-helper-magnet=\"0\" data-mouse-helper-color=\"\" data-mouse-helper-bg-color=\"#FF5B4A\" data-mouse-helper-bd-color=\"\" data-mouse-helper-bd-width=\"-1\" data-mouse-helper-mode=\"multiply\" data-mouse-helper-axis=\"xy\" data-mouse-helper-delay=\"0\" data-mouse-helper-text=\"\" data-mouse-helper-text-size=\"\" data-mouse-helper-text-round=\"0\" data-mouse-helper-icon=\"\" data-mouse-helper-icon-size=\"\" data-mouse-helper-icon-color=\"\" data-mouse-helper-image=\"\" data-mouse-helper-layout=\"\" data-mouse-helper-class=\"\" data-mouse-helper-callback=\"\" data-mouse-helper-hide-cursor=\"1\" class=\"elementor-section elementor-top-section elementor-element elementor-element-289b2d2 scheme_dark elementor-section-boxed elementor-section-height-default elementor-section-height-default sc_fly_static\" data-id=\"289b2d2\" data-element_type=\"section\" data-settings=\"{&quot;background_background&quot;:&quot;classic&quot;}\">\n\t\t\t\t\t\t\t<div class=\"elementor-background-overlay\"><\/div>\n\t\t\t\t\t\t\t<div class=\"elementor-container elementor-column-gap-extended\">\n\t\t\t\t\t<div class=\"elementor-column elementor-col-100 elementor-top-column elementor-element elementor-element-4e6a23d sc_layouts_column_align_center sc_layouts_column sc-mobile_layouts_column_align_center sc_layouts_column sc_inner_width_none sc_content_align_inherit sc_layouts_column_icons_position_left sc_fly_static\" data-id=\"4e6a23d\" data-element_type=\"column\">\n\t\t\t<div class=\"elementor-widget-wrap elementor-element-populated\">\n\t\t\t\t\t\t<div class=\"elementor-element elementor-element-d6f2c36 sc_height_small sc_layouts_hide_on_mobile sc_fly_static elementor-widget elementor-widget-spacer\" data-id=\"d6f2c36\" data-element_type=\"widget\" data-widget_type=\"spacer.default\">\n\t\t\t\t<div class=\"elementor-widget-container\">\n\t\t\t\t\t<div class=\"elementor-spacer\">\n\t\t\t<div class=\"elementor-spacer-inner\"><\/div>\n\t\t<\/div>\n\t\t\t\t<\/div>\n\t\t\t\t<\/div>\n\t\t\t\t<div class=\"elementor-element elementor-element-79d697c sc_height_huge sc_fly_static elementor-widget elementor-widget-spacer\" data-id=\"79d697c\" data-element_type=\"widget\" data-widget_type=\"spacer.default\">\n\t\t\t\t<div class=\"elementor-widget-container\">\n\t\t\t\t\t<div class=\"elementor-spacer\">\n\t\t\t<div class=\"elementor-spacer-inner\"><\/div>\n\t\t<\/div>\n\t\t\t\t<\/div>\n\t\t\t\t<\/div>\n\t\t\t\t<div class=\"elementor-element elementor-element-64201f9 sc_height_huge sc_layouts_hide_on_mobile sc_layouts_hide_on_tablet sc_fly_static elementor-widget elementor-widget-spacer\" data-id=\"64201f9\" data-element_type=\"widget\" data-widget_type=\"spacer.default\">\n\t\t\t\t<div class=\"elementor-widget-container\">\n\t\t\t\t\t<div class=\"elementor-spacer\">\n\t\t\t<div class=\"elementor-spacer-inner\"><\/div>\n\t\t<\/div>\n\t\t\t\t<\/div>\n\t\t\t\t<\/div>\n\t\t\t\t<div class=\"elementor-element elementor-element-ba1acf4 sc_fly_static elementor-widget elementor-widget-heading\" data-id=\"ba1acf4\" data-element_type=\"widget\" data-widget_type=\"heading.default\">\n\t\t\t\t<div class=\"elementor-widget-container\">\n\t\t\t<h2 class=\"elementor-heading-title elementor-size-default\">\u0414\u043e\u0432\u0435\u0440\u044c\u0442\u0435 \u0432\u0435\u0434\u0435\u043d\u0438\u0435 \u0431\u0443\u0445\u0433\u0430\u043b\u0442\u0435\u0440\u0441\u043a\u043e\u0433\u043e \u0443\u0447\u0435\u0442\u0430 \u0432\u0430\u0448\u0435\u0439 \u043a\u043e\u043c\u043f\u0430\u043d\u0438\u0438 \u043f\u0440\u043e\u0444\u0435\u0441\u0441\u0438\u043e\u043d\u0430\u043b\u0430\u043c.<\/h2>\t\t<\/div>\n\t\t\t\t<\/div>\n\t\t\t\t<div class=\"elementor-element elementor-element-3e0e49c sc_layouts_hide_on_tablet sc_layouts_hide_on_mobile sc_fly_static elementor-widget elementor-widget-trx_sc_button\" data-id=\"3e0e49c\" data-element_type=\"widget\" data-widget_type=\"trx_sc_button.default\">\n\t\t\t\t<div class=\"elementor-widget-container\">\n\t\t\t<div\tclass=\"sc_item_button sc_button_wrap\" ><a href=\"https:\/\/anifleja.lt\/ru\/kainos-skaiciuokle\/\" class=\"sc_button hide_on_mobile hide_on_tablet sc_button_default sc_button_size_normal sc_button_icon_left\" ><span class=\"sc_button_text\"><span class=\"sc_button_title\">\u041a\u0430\u043b\u044c\u043a\u0443\u043b\u044f\u0442\u043e\u0440 \u0446\u0435\u043d<\/span><\/span><\/a><a href=\"https:\/\/anifleja.lt\/ru\/kontaktai\/\" class=\"sc_button hide_on_mobile hide_on_tablet sc_button_bordered sc_button_size_normal sc_button_icon_left color_style_dark\" ><span class=\"sc_button_text\"><span class=\"sc_button_title\">\u041a\u043e\u043d\u0442\u0430\u043a\u0442\u044b<\/span><\/span><\/a><\/div>\t\t<\/div>\n\t\t\t\t<\/div>\n\t\t\t\t<div class=\"elementor-element elementor-element-fe9cd0f sc_height_huge sc_layouts_hide_on_mobile sc_layouts_hide_on_tablet sc_fly_static elementor-widget elementor-widget-spacer\" data-id=\"fe9cd0f\" data-element_type=\"widget\" data-widget_type=\"spacer.default\">\n\t\t\t\t<div class=\"elementor-widget-container\">\n\t\t\t\t\t<div class=\"elementor-spacer\">\n\t\t\t<div class=\"elementor-spacer-inner\"><\/div>\n\t\t<\/div>\n\t\t\t\t<\/div>\n\t\t\t\t<\/div>\n\t\t\t\t<div class=\"elementor-element elementor-element-30c891e sc_height_huge sc_fly_static elementor-widget elementor-widget-spacer\" data-id=\"30c891e\" data-element_type=\"widget\" data-widget_type=\"spacer.default\">\n\t\t\t\t<div class=\"elementor-widget-container\">\n\t\t\t\t\t<div class=\"elementor-spacer\">\n\t\t\t<div class=\"elementor-spacer-inner\"><\/div>\n\t\t<\/div>\n\t\t\t\t<\/div>\n\t\t\t\t<\/div>\n\t\t\t\t<div class=\"elementor-element elementor-element-d70e043 sc_height_small sc_layouts_hide_on_mobile sc_fly_static elementor-widget elementor-widget-spacer\" data-id=\"d70e043\" data-element_type=\"widget\" data-widget_type=\"spacer.default\">\n\t\t\t\t<div class=\"elementor-widget-container\">\n\t\t\t\t\t<div class=\"elementor-spacer\">\n\t\t\t<div class=\"elementor-spacer-inner\"><\/div>\n\t\t<\/div>\n\t\t\t\t<\/div>\n\t\t\t\t<\/div>\n\t\t\t\t\t<\/div>\n\t\t<\/div>\n\t\t\t\t\t<\/div>\n\t\t<\/section>\n\t\t\t\t<\/div>","protected":false},"excerpt":{"rendered":"<p>Darbas su Anifleja pakeit\u0117 mano versl\u0105. Man, kaip ma\u017eos \u012fmon\u0117s savininkui, buvo labai svarbu rasti patikim\u0105 ir patyrus\u012f buhalter\u012f, o su \u0161ia komanda pataikiau \u012f de\u0161imtuk\u0105. J\u0173 profesionalumo ir kompetencijos&hellip;<\/p>","protected":false},"author":1,"featured_media":0,"parent":0,"menu_order":0,"comment_status":"closed","ping_status":"closed","template":"","meta":{"footnotes":""},"class_list":["post-18561","page","type-page","status-publish","hentry"],"_links":{"self":[{"href":"https:\/\/anifleja.lt\/ru\/wp-json\/wp\/v2\/pages\/18561","targetHints":{"allow":["GET"]}}],"collection":[{"href":"https:\/\/anifleja.lt\/ru\/wp-json\/wp\/v2\/pages"}],"about":[{"href":"https:\/\/anifleja.lt\/ru\/wp-json\/wp\/v2\/types\/page"}],"author":[{"embeddable":true,"href":"https:\/\/anifleja.lt\/ru\/wp-json\/wp\/v2\/users\/1"}],"replies":[{"embeddable":true,"href":"https:\/\/anifleja.lt\/ru\/wp-json\/wp\/v2\/comments?post=18561"}],"version-history":[{"count":10,"href":"https:\/\/anifleja.lt\/ru\/wp-json\/wp\/v2\/pages\/18561\/revisions"}],"predecessor-version":[{"id":22498,"href":"https:\/\/anifleja.lt\/ru\/wp-json\/wp\/v2\/pages\/18561\/revisions\/22498"}],"wp:attachment":[{"href":"https:\/\/anifleja.lt\/ru\/wp-json\/wp\/v2\/media?parent=18561"}],"curies":[{"name":"wp","href":"https:\/\/api.w.org\/{rel}","templated":true}]}}